{"id":11095,"date":"2018-02-04T15:43:20","date_gmt":"2018-02-04T15:43:20","guid":{"rendered":"http:\/\/rifetheme.com\/unicorn\/?page_id=11095"},"modified":"2022-03-31T15:30:08","modified_gmt":"2022-03-31T15:30:08","slug":"about-us","status":"publish","type":"page","link":"https:\/\/rockersdelight.at\/shop\/about-us\/","title":{"rendered":"Welcher Rocker? Welche Delights?"},"content":{"rendered":"\t\t<div data-elementor-type=\"wp-post\" data-elementor-id=\"11095\" class=\"elementor elementor-11095\">\n\t\t\t\t\t\t<section class=\"elementor-section elementor-top-section elementor-element elementor-element-6962e2f0 elementor-section-stretched elementor-section-boxed elementor-section-height-default elementor-section-height-default\" data-id=\"6962e2f0\" data-element_type=\"section\" data-e-type=\"section\" data-settings=\"{&quot;stretch_section&quot;:&quot;section-stretched&quot;,&quot;background_background&quot;:&quot;classic&quot;}\">\n\t\t\t\t\t\t\t<div class=\"elementor-background-overlay\"><\/div>\n\t\t\t\t\t\t\t<div class=\"elementor-container elementor-column-gap-default\">\n\t\t\t\t\t<div class=\"elementor-column elementor-col-100 elementor-top-column elementor-element elementor-element-71a2330\" data-id=\"71a2330\" data-element_type=\"column\" data-e-type=\"column\">\n\t\t\t<div class=\"elementor-widget-wrap elementor-element-populated\">\n\t\t\t\t\t\t<div class=\"elementor-element elementor-element-9961511 elementor-widget elementor-widget-heading\" data-id=\"9961511\" data-element_type=\"widget\" data-e-type=\"widget\" data-widget_type=\"heading.default\">\n\t\t\t\t<div class=\"elementor-widget-container\">\n\t\t\t\t\t<h2 class=\"elementor-heading-title elementor-size-default\">Welcher Rocker?<div>Welche Delights?<\/div><\/h2>\t\t\t\t<\/div>\n\t\t\t\t<\/div>\n\t\t\t\t<section class=\"elementor-section elementor-inner-section elementor-element elementor-element-dd77c8a elementor-section-boxed elementor-section-height-default elementor-section-height-default\" data-id=\"dd77c8a\" data-element_type=\"section\" data-e-type=\"section\">\n\t\t\t\t\t\t<div class=\"elementor-container elementor-column-gap-default\">\n\t\t\t\t\t<div class=\"elementor-column elementor-col-100 elementor-inner-column elementor-element elementor-element-c188aa7\" data-id=\"c188aa7\" data-element_type=\"column\" data-e-type=\"column\">\n\t\t\t<div class=\"elementor-widget-wrap elementor-element-populated\">\n\t\t\t\t\t\t<div class=\"elementor-element elementor-element-303a78d elementor-widget elementor-widget-heading\" data-id=\"303a78d\" data-element_type=\"widget\" data-e-type=\"widget\" data-widget_type=\"heading.default\">\n\t\t\t\t<div class=\"elementor-widget-container\">\n\t\t\t\t\t<p class=\"elementor-heading-title elementor-size-default\">Mit Fr\u00fcchten aus eigenem Anbau kreiert Schwechater Rocklegende Simon Jahn im beschaulichen Lanzendorf herrlich nussige und fruchtige Lik\u00f6re. F\u00fcr den richtigen Kick sorgt die gro\u00dfz\u00fcgige Verfeinerung mit Vodka aus dem Hause Stoli.\n<\/p>\t\t\t\t<\/div>\n\t\t\t\t<\/div>\n\t\t\t\t<div class=\"elementor-element elementor-element-4a7d2d7 elementor-widget elementor-widget-heading\" data-id=\"4a7d2d7\" data-element_type=\"widget\" data-e-type=\"widget\" data-widget_type=\"heading.default\">\n\t\t\t\t<div class=\"elementor-widget-container\">\n\t\t\t\t\t<p class=\"elementor-heading-title elementor-size-default\">F\u00fcr Naschkatzen und alle, die sich nicht fl\u00fcssig ern\u00e4hren wollen, gibt es die Sorten Vodka Nuss, Marivo und Weikivo als Gourmet-Schoki \u2013 hergestellt in Zusammenarbeit mit der Schokoladenmanufaktur Felber in Birkfeld.<\/p>\t\t\t\t<\/div>\n\t\t\t\t<\/div>\n\t\t\t\t\t<\/div>\n\t\t<\/div>\n\t\t\t\t\t<\/div>\n\t\t<\/section>\n\t\t\t\t\t<\/div>\n\t\t<\/div>\n\t\t\t\t\t<\/div>\n\t\t<\/section>\n\t\t\t\t<section class=\"elementor-section elementor-top-section elementor-element elementor-element-7dcd9bae elementor-section-stretched elementor-section-boxed elementor-section-height-default elementor-section-height-default\" data-id=\"7dcd9bae\" data-element_type=\"section\" data-e-type=\"section\" data-settings=\"{&quot;stretch_section&quot;:&quot;section-stretched&quot;}\">\n\t\t\t\t\t\t<div class=\"elementor-container elementor-column-gap-default\">\n\t\t\t\t\t<div class=\"elementor-column elementor-col-100 elementor-top-column elementor-element elementor-element-27f80cb5\" data-id=\"27f80cb5\" data-element_type=\"column\" data-e-type=\"column\">\n\t\t\t<div class=\"elementor-widget-wrap elementor-element-populated\">\n\t\t\t\t\t\t<div class=\"elementor-element elementor-element-89c963c elementor-widget elementor-widget-image\" data-id=\"89c963c\" data-element_type=\"widget\" data-e-type=\"widget\" data-widget_type=\"image.default\">\n\t\t\t\t<div class=\"elementor-widget-container\">\n\t\t\t\t\t\t\t\t\t\t\t\t\t\t\t<img fetchpriority=\"high\" decoding=\"async\" width=\"800\" height=\"450\" src=\"https:\/\/rockersdelight.at\/shop\/wp-content\/uploads\/2022\/03\/kochen-01-01-1024x576.jpg\" class=\"attachment-large size-large wp-image-11677\" alt=\"\" srcset=\"https:\/\/rockersdelight.at\/shop\/wp-content\/uploads\/2022\/03\/kochen-01-01-1024x576.jpg 1024w, https:\/\/rockersdelight.at\/shop\/wp-content\/uploads\/2022\/03\/kochen-01-01-300x169.jpg 300w, https:\/\/rockersdelight.at\/shop\/wp-content\/uploads\/2022\/03\/kochen-01-01-768x432.jpg 768w, https:\/\/rockersdelight.at\/shop\/wp-content\/uploads\/2022\/03\/kochen-01-01-1536x864.jpg 1536w, https:\/\/rockersdelight.at\/shop\/wp-content\/uploads\/2022\/03\/kochen-01-01-2048x1153.jpg 2048w, https:\/\/rockersdelight.at\/shop\/wp-content\/uploads\/2022\/03\/kochen-01-01-800x450.jpg 800w\" sizes=\"(max-width: 800px) 100vw, 800px\" \/>\t\t\t\t\t\t\t\t\t\t\t\t\t\t\t<\/div>\n\t\t\t\t<\/div>\n\t\t\t\t\t<\/div>\n\t\t<\/div>\n\t\t\t\t\t<\/div>\n\t\t<\/section>\n\t\t\t\t<section class=\"elementor-section elementor-top-section elementor-element elementor-element-f191d18 elementor-section-stretched elementor-section-boxed elementor-section-height-default elementor-section-height-default\" data-id=\"f191d18\" data-element_type=\"section\" data-e-type=\"section\" data-settings=\"{&quot;stretch_section&quot;:&quot;section-stretched&quot;}\">\n\t\t\t\t\t\t<div class=\"elementor-container elementor-column-gap-default\">\n\t\t\t\t\t<div class=\"elementor-column elementor-col-100 elementor-top-column elementor-element elementor-element-27d846f\" data-id=\"27d846f\" data-element_type=\"column\" data-e-type=\"column\">\n\t\t\t<div class=\"elementor-widget-wrap elementor-element-populated\">\n\t\t\t\t\t\t<div class=\"elementor-element elementor-element-eeba631 elementor-widget elementor-widget-heading\" data-id=\"eeba631\" data-element_type=\"widget\" data-e-type=\"widget\" data-widget_type=\"heading.default\">\n\t\t\t\t<div class=\"elementor-widget-container\">\n\t\t\t\t\t<h2 class=\"elementor-heading-title elementor-size-default\">NAT\u00dcRLICH, WILD UND HANDGEMACHT<\/h2>\t\t\t\t<\/div>\n\t\t\t\t<\/div>\n\t\t\t\t<section class=\"elementor-section elementor-inner-section elementor-element elementor-element-501f0d0 elementor-section-boxed elementor-section-height-default elementor-section-height-default\" data-id=\"501f0d0\" data-element_type=\"section\" data-e-type=\"section\">\n\t\t\t\t\t\t<div class=\"elementor-container elementor-column-gap-default\">\n\t\t\t\t\t<div class=\"elementor-column elementor-col-100 elementor-inner-column elementor-element elementor-element-25c3cda\" data-id=\"25c3cda\" data-element_type=\"column\" data-e-type=\"column\">\n\t\t\t<div class=\"elementor-widget-wrap elementor-element-populated\">\n\t\t\t\t\t\t<div class=\"elementor-element elementor-element-da8c80e elementor-widget elementor-widget-heading\" data-id=\"da8c80e\" data-element_type=\"widget\" data-e-type=\"widget\" data-widget_type=\"heading.default\">\n\t\t\t\t<div class=\"elementor-widget-container\">\n\t\t\t\t\t<p class=\"elementor-heading-title elementor-size-default\">Die Fr\u00fcchte f\u00fcr unsere Delights stammen aus eigenem Anbau und Wildsammlung. Deshalb schmecken sie auch so richtig nussig und fruchtig. F\u00fcr den richtigen Kick sorgt die gro\u00dfz\u00fcgige Verfeinerung mit Vodka aus dem Hause Stoli.<\/p>\t\t\t\t<\/div>\n\t\t\t\t<\/div>\n\t\t\t\t\t<\/div>\n\t\t<\/div>\n\t\t\t\t\t<\/div>\n\t\t<\/section>\n\t\t\t\t\t<\/div>\n\t\t<\/div>\n\t\t\t\t\t<\/div>\n\t\t<\/section>\n\t\t\t\t<\/div>\n\t\t","protected":false},"excerpt":{"rendered":"<p>Welcher Rocker?Welche Delights? Mit Fr\u00fcchten aus eigenem Anbau kreiert Schwechater&hellip;<\/p>\n<p> <a class=\"more-link\" href=\"https:\/\/rockersdelight.at\/shop\/about-us\/\">Weiterlesen<\/a><\/p>\n","protected":false},"author":1,"featured_media":0,"parent":0,"menu_order":0,"comment_status":"closed","ping_status":"closed","template":"","meta":{"footnotes":""},"class_list":["post-11095","page","type-page","status-publish"],"jetpack_sharing_enabled":true,"_links":{"self":[{"href":"https:\/\/rockersdelight.at\/shop\/wp-json\/wp\/v2\/pages\/11095","targetHints":{"allow":["GET"]}}],"collection":[{"href":"https:\/\/rockersdelight.at\/shop\/wp-json\/wp\/v2\/pages"}],"about":[{"href":"https:\/\/rockersdelight.at\/shop\/wp-json\/wp\/v2\/types\/page"}],"author":[{"embeddable":true,"href":"https:\/\/rockersdelight.at\/shop\/wp-json\/wp\/v2\/users\/1"}],"replies":[{"embeddable":true,"href":"https:\/\/rockersdelight.at\/shop\/wp-json\/wp\/v2\/comments?post=11095"}],"version-history":[{"count":7,"href":"https:\/\/rockersdelight.at\/shop\/wp-json\/wp\/v2\/pages\/11095\/revisions"}],"predecessor-version":[{"id":11680,"href":"https:\/\/rockersdelight.at\/shop\/wp-json\/wp\/v2\/pages\/11095\/revisions\/11680"}],"wp:attachment":[{"href":"https:\/\/rockersdelight.at\/shop\/wp-json\/wp\/v2\/media?parent=11095"}],"curies":[{"name":"wp","href":"https:\/\/api.w.org\/{rel}","templated":true}]}}