{"id":11661,"date":"2022-03-31T14:40:19","date_gmt":"2022-03-31T14:40:19","guid":{"rendered":"http:\/\/rockersdelight.at\/shop\/?post_type=product&#038;p=11661"},"modified":"2025-11-01T13:51:35","modified_gmt":"2025-11-01T13:51:35","slug":"rockerbellas","status":"publish","type":"product","link":"https:\/\/rockersdelight.at\/shop\/produkt\/rockerbellas\/","title":{"rendered":"Rockerbellas Cassis"},"content":{"rendered":"<p>Aus Schwarzen Ribisel &#8211; Cassis &#8211; mit einer kleinen Menge roten und wei\u00dfen Ribisel komponiert und mit Golser Moonshine Vodka verfeinert \u2013 jedes Mal anders!<\/p>\n<table class=\"product__specs\">\n<tbody>\n<tr>\n<th>ALKOHOL<\/th>\n<td>17,0%<\/td>\n<\/tr>\n<tr>\n<th>ENTH\u00c4LT<\/th>\n<td>Himbeeren, Ribiseln und Erdbeeren<\/td>\n<\/tr>\n<tr>\n<th>F\u00dcLL\u00adMENGE<\/th>\n<td>0,2 l oder 0,5 l<\/td>\n<\/tr>\n<\/tbody>\n<\/table>\n<p>Dieses Produkt enth\u00e4lt Alkohol und wir nicht an Personen unter 18 Jahren verkauft!<\/p>\n","protected":false},"excerpt":{"rendered":"<p>Aus der Reihe: Die besten Fr\u00fcchten der Saison komponiert und mit Golser Moonshine Vodka verfeinert \u2013 Ribisel bzw. Cassis mit ihrer unvergleichbaren Balance zwischen S\u00fc\u00dfe &amp; S\u00e4ure!<\/p>\n<p> <a class=\"more-link\" href=\"https:\/\/rockersdelight.at\/shop\/produkt\/rockerbellas\/\">Weiterlesen<\/a><\/p>","protected":false},"featured_media":11665,"comment_status":"closed","ping_status":"closed","template":"","meta":[],"product_brand":[],"product_cat":[19],"product_tag":[],"class_list":{"0":"post-11661","1":"product","2":"type-product","3":"status-publish","4":"has-post-thumbnail","6":"product_cat-likoere","8":"first","9":"instock","10":"taxable","11":"shipping-taxable","12":"purchasable","13":"product-type-variable"},"jetpack_sharing_enabled":true,"_links":{"self":[{"href":"https:\/\/rockersdelight.at\/shop\/wp-json\/wp\/v2\/product\/11661","targetHints":{"allow":["GET"]}}],"collection":[{"href":"https:\/\/rockersdelight.at\/shop\/wp-json\/wp\/v2\/product"}],"about":[{"href":"https:\/\/rockersdelight.at\/shop\/wp-json\/wp\/v2\/types\/product"}],"replies":[{"embeddable":true,"href":"https:\/\/rockersdelight.at\/shop\/wp-json\/wp\/v2\/comments?post=11661"}],"wp:featuredmedia":[{"embeddable":true,"href":"https:\/\/rockersdelight.at\/shop\/wp-json\/wp\/v2\/media\/11665"}],"wp:attachment":[{"href":"https:\/\/rockersdelight.at\/shop\/wp-json\/wp\/v2\/media?parent=11661"}],"wp:term":[{"taxonomy":"product_brand","embeddable":true,"href":"https:\/\/rockersdelight.at\/shop\/wp-json\/wp\/v2\/product_brand?post=11661"},{"taxonomy":"product_cat","embeddable":true,"href":"https:\/\/rockersdelight.at\/shop\/wp-json\/wp\/v2\/product_cat?post=11661"},{"taxonomy":"product_tag","embeddable":true,"href":"https:\/\/rockersdelight.at\/shop\/wp-json\/wp\/v2\/product_tag?post=11661"}],"curies":[{"name":"wp","href":"https:\/\/api.w.org\/{rel}","templated":true}]}}