{"id":11753,"date":"2022-11-08T21:50:26","date_gmt":"2022-11-08T21:50:26","guid":{"rendered":"https:\/\/rockersdelight.at\/shop\/?post_type=product&#038;p=11753"},"modified":"2025-12-22T16:46:31","modified_gmt":"2025-12-22T16:46:31","slug":"schoko-dragees-weiss","status":"publish","type":"product","link":"https:\/\/rockersdelight.at\/shop\/produkt\/schoko-dragees-weiss\/","title":{"rendered":"SCHOKO DRAGEES WEISS"},"content":{"rendered":"<p>Ger\u00f6stete Haseln\u00fcsse mit handgemachter wei\u00dfer Schoko aus dem Hause AHERZ \u00fcberzogen \u2013 sweet!<\/p>\n<table class=\"product__specs\">\n<tbody>\n<tr>\n<th>ENTH\u00c4LT<\/th>\n<td>Vollmilchpulver, Magermilchpulver, Bourbon Vanille, Kakao mind. 33%<\/td>\n<\/tr>\n<tr>\n<th>F\u00dcLL\u00adMENGE<\/th>\n<td>120 g<\/td>\n<\/tr>\n<\/tbody>\n<\/table>\n","protected":false},"excerpt":{"rendered":"<p>Ger\u00f6stete Haseln\u00fcsse mit handgemachter wei\u00dfer Schoko aus dem Hause AHERZ \u00fcberzogen \u2013 sweet!<\/p>\n<p> <a class=\"more-link\" href=\"https:\/\/rockersdelight.at\/shop\/produkt\/schoko-dragees-weiss\/\">Weiterlesen<\/a><\/p>","protected":false},"featured_media":11751,"comment_status":"closed","ping_status":"closed","template":"","meta":[],"product_brand":[],"product_cat":[20],"product_tag":[],"class_list":{"0":"post-11753","1":"product","2":"type-product","3":"status-publish","4":"has-post-thumbnail","6":"product_cat-schoki","8":"first","9":"outofstock","10":"taxable","11":"shipping-taxable","12":"purchasable","13":"product-type-simple"},"jetpack_sharing_enabled":true,"_links":{"self":[{"href":"https:\/\/rockersdelight.at\/shop\/wp-json\/wp\/v2\/product\/11753","targetHints":{"allow":["GET"]}}],"collection":[{"href":"https:\/\/rockersdelight.at\/shop\/wp-json\/wp\/v2\/product"}],"about":[{"href":"https:\/\/rockersdelight.at\/shop\/wp-json\/wp\/v2\/types\/product"}],"replies":[{"embeddable":true,"href":"https:\/\/rockersdelight.at\/shop\/wp-json\/wp\/v2\/comments?post=11753"}],"wp:featuredmedia":[{"embeddable":true,"href":"https:\/\/rockersdelight.at\/shop\/wp-json\/wp\/v2\/media\/11751"}],"wp:attachment":[{"href":"https:\/\/rockersdelight.at\/shop\/wp-json\/wp\/v2\/media?parent=11753"}],"wp:term":[{"taxonomy":"product_brand","embeddable":true,"href":"https:\/\/rockersdelight.at\/shop\/wp-json\/wp\/v2\/product_brand?post=11753"},{"taxonomy":"product_cat","embeddable":true,"href":"https:\/\/rockersdelight.at\/shop\/wp-json\/wp\/v2\/product_cat?post=11753"},{"taxonomy":"product_tag","embeddable":true,"href":"https:\/\/rockersdelight.at\/shop\/wp-json\/wp\/v2\/product_tag?post=11753"}],"curies":[{"name":"wp","href":"https:\/\/api.w.org\/{rel}","templated":true}]}}