{"id":11779,"date":"2025-10-21T06:28:42","date_gmt":"2025-10-21T06:28:42","guid":{"rendered":"https:\/\/rockersdelight.at\/shop\/?post_type=product&#038;p=11779"},"modified":"2025-11-01T13:50:24","modified_gmt":"2025-11-01T13:50:24","slug":"rockerbellas-2","status":"publish","type":"product","link":"https:\/\/rockersdelight.at\/shop\/produkt\/rockerbellas-2\/","title":{"rendered":"Rockerbellas Bromovo"},"content":{"rendered":"<p>Aus vollreifen Brombeeren komponiert und mit Golser Moonshine Vodka verfeinert \u2013 jedes Mal anders!<\/p>\n<table class=\"product__specs\">\n<tbody>\n<tr>\n<th>ALKOHOL<\/th>\n<td>17,0%<\/td>\n<\/tr>\n<tr>\n<th>ENTH\u00c4LT<\/th>\n<td>Himbeeren, Ribiseln und Erdbeeren<\/td>\n<\/tr>\n<tr>\n<th>F\u00dcLL\u00adMENGE<\/th>\n<td>0,2 l oder 0,5 l<\/td>\n<\/tr>\n<\/tbody>\n<\/table>\n<p>Dieses Produkt enth\u00e4lt Alkohol und wir nicht an Personen unter 18 Jahren verkauft!<\/p>\n","protected":false},"excerpt":{"rendered":"<p>Aus der Reihe: Die besten Fr\u00fcchten der Saison komponiert und mit Golser Moonshine Vodka verfeinert \u2013 vollreife Brombeeren mit ihrer unvergleichbaren Balance zwischen S\u00fc\u00dfe &amp; S\u00e4ure!<\/p>\n<p> <a class=\"more-link\" href=\"https:\/\/rockersdelight.at\/shop\/produkt\/rockerbellas-2\/\">Weiterlesen<\/a><\/p>","protected":false},"featured_media":11665,"comment_status":"closed","ping_status":"closed","template":"","meta":[],"product_brand":[],"product_cat":[19],"product_tag":[],"class_list":{"0":"post-11779","1":"product","2":"type-product","3":"status-publish","4":"has-post-thumbnail","6":"product_cat-likoere","8":"first","9":"instock","10":"taxable","11":"shipping-taxable","12":"purchasable","13":"product-type-variable"},"jetpack_sharing_enabled":true,"_links":{"self":[{"href":"https:\/\/rockersdelight.at\/shop\/wp-json\/wp\/v2\/product\/11779","targetHints":{"allow":["GET"]}}],"collection":[{"href":"https:\/\/rockersdelight.at\/shop\/wp-json\/wp\/v2\/product"}],"about":[{"href":"https:\/\/rockersdelight.at\/shop\/wp-json\/wp\/v2\/types\/product"}],"replies":[{"embeddable":true,"href":"https:\/\/rockersdelight.at\/shop\/wp-json\/wp\/v2\/comments?post=11779"}],"wp:featuredmedia":[{"embeddable":true,"href":"https:\/\/rockersdelight.at\/shop\/wp-json\/wp\/v2\/media\/11665"}],"wp:attachment":[{"href":"https:\/\/rockersdelight.at\/shop\/wp-json\/wp\/v2\/media?parent=11779"}],"wp:term":[{"taxonomy":"product_brand","embeddable":true,"href":"https:\/\/rockersdelight.at\/shop\/wp-json\/wp\/v2\/product_brand?post=11779"},{"taxonomy":"product_cat","embeddable":true,"href":"https:\/\/rockersdelight.at\/shop\/wp-json\/wp\/v2\/product_cat?post=11779"},{"taxonomy":"product_tag","embeddable":true,"href":"https:\/\/rockersdelight.at\/shop\/wp-json\/wp\/v2\/product_tag?post=11779"}],"curies":[{"name":"wp","href":"https:\/\/api.w.org\/{rel}","templated":true}]}}